{"id":2294,"date":"2022-02-25T19:31:48","date_gmt":"2022-02-25T19:31:48","guid":{"rendered":"https:\/\/makrobilisim.net\/demo\/poyraz\/?page_id=2294"},"modified":"2022-02-25T19:31:48","modified_gmt":"2022-02-25T19:31:48","slug":"molekuler-biyoloji","status":"publish","type":"page","link":"https:\/\/www.poyrazmedikal.com.tr\/molekuler-biyoloji\/","title":{"rendered":"MOLECULAR BIOLOGY"},"content":{"rendered":"<p><img loading=\"lazy\" class=\"alignnone wp-image-2295 size-full\" src=\"https:\/\/makrobilisim.net\/demo\/poyraz\/wp-content\/uploads\/2022\/02\/molekuler-biyoloji.jpg\" alt=\"\" width=\"720\" height=\"300\" srcset=\"https:\/\/www.poyrazmedikal.com.tr\/wp-content\/uploads\/2022\/02\/molekuler-biyoloji.jpg 720w, https:\/\/www.poyrazmedikal.com.tr\/wp-content\/uploads\/2022\/02\/molekuler-biyoloji-300x125.jpg 300w\" sizes=\"(max-width: 720px) 100vw, 720px\" \/><\/p>\n<p><strong>Fluidigm Biomark HD<\/strong><br \/>\nY\u00fcksek kapasiteli Real Time PCR sistemidir. Bir defada 9.216 PCR reaksiyonunu 3 saat i\u00e7inde tamamlayabilen Biomark s\u0131radan bir REAL PCR sistemi de\u011fildir, tek h\u00fccreden gen ekspresyonu, y\u00fcksek kapasiteli miRNA taramas\u0131 gibi \u00f6zel uygulamalar\u0131 bulunmaktad\u0131r.<\/p>\n<p><strong>C1 System<\/strong><br \/>\nD\u00fcnyada ilk tek h\u00fccre genomik ara\u015ft\u0131rma sistemi olan C1 heterojen h\u00fccre pop\u00fclasyonu aras\u0131nda tek h\u00fccre hassasiyetinde hassas ayr\u0131m sa\u011flar. DNA, mRNA, hedeflenmi\u015f gen ekspresyonu ve miRNA kal\u0131plar\u0131n\u0131z\u0131n hepsini tek bir sistem olarak haz\u0131rlayacak bir platformdur.<\/p>\n<p><strong>Helios \u2013 A CyTOF system<\/strong><br \/>\nMass Spectrometry ve Flow Cytometry sistemlerini bir araya getiren tek h\u00fccre d\u00fczeyinde 50\u2019ye kadar parametreyi \u00e7al\u0131\u015fabilece\u011finiz bir k\u00fctle sitometresidir.<\/p>\n<p><strong>Callisto<\/strong><br \/>\nHer birimde 100 \u2013 3000 h\u00fccre k\u00fclt\u00fcre edilebilen 32 adet b\u00f6lmeye sahip tam otomatik bir h\u00fccre k\u00fclt\u00fcr sistemidir. Her b\u00f6lmeyi 16 farkl\u0131 reaktifin de\u011fi\u015fik kombinasyonlar\u0131yla muamele edebilir ve h\u00fccreleriniz 3-4 haftaya kadar canl\u0131 olarak g\u00f6zlemleyebilirsiniz.<\/p>\n<p><strong>Polaris<\/strong><br \/>\n\u0130stedi\u011finiz h\u00fccreleri tek tek se\u00e7ebilece\u011finiz ve 24 saat s\u00fcre ile in vivo olarak transkripsiyon fakt\u00f6rleri, RNA\u2019lar, k\u00fc\u00e7\u00fck molek\u00fcller ve benzeri ajanlar ile istedi\u011finiz doz ve s\u00fcreyi kontrol ederek muamele edebilece\u011finiz floresan mikroskop entegre bir sistemdir.<\/p>\n<p><strong>Haz\u0131r Panel Kitler<\/strong>&nbsp;*Marmara B\u00f6lge Bayisiyiz\u2026<\/p>\n<p><strong>Nano CVD<\/strong><\/p>\n<p>Kardiovask\u00fcler hastal\u0131klar ve tromboz ile ili\u015fkili oldu\u011fu bilinen mutasyonlar i\u00e7in geli\u015ftirilmi\u015f 18 mutasyonu analiz edebilmektedir.<\/p>\n<p><strong>Nano Drug<\/strong><\/p>\n<p>\u00d6zellikle onkoloji tedavisinde \u00f6nemli olan ve s\u00fcrekli kullan\u0131lan ila\u00e7lara kar\u015f\u0131 h\u0131zl\u0131 metabolize etmeye neden olan (diren\u00e7) veya yava\u015f metobilize etmeye neden olan (toxisite) mutasyonlar\u0131 belirlemede kullan\u0131l\u0131r. 20 ila\u00e7 direnci mutasyonuna ait sonu\u00e7lar elde edilir.<\/p>\n<p><strong>Nano Fmf<\/strong><\/p>\n<p>Tekrarlayan ate\u015f, kar\u0131n a\u011fr\u0131s\u0131, eklem a\u011fr\u0131s\u0131 ya da \u015fi\u015fme, g\u00f6\u011f\u00fcs a\u011fr\u0131s\u0131 ve \u00e7e\u015fitli d\u00f6k\u00fcnt\u00fcler ile kendini g\u00f6steren genetik ge\u00e7i\u015fli bir hastal\u0131k olan Ailesel Akdeniz Ate\u015fi (Familial Medeterranean Fever, FMF)\u2019nin tan\u0131s\u0131 i\u00e7in geli\u015ftirdi\u011fi, 24 mutasyonu ayn\u0131 anda analiz eder.<\/p>\n","protected":false},"excerpt":{"rendered":"<p>Fluidigm Biomark HD Y\u00fcksek kapasiteli Real Time PCR sistemidir. Bir defada 9.216 PCR reaksiyonunu 3 saat i\u00e7inde tamamlayabilen Biomark s\u0131radan bir REAL PCR sistemi de\u011fildir, tek h\u00fccreden gen ekspresyonu, y\u00fcksek kapasiteli miRNA taramas\u0131 gibi \u00f6zel uygulamalar\u0131 bulunmaktad\u0131r. C1 System D\u00fcnyada ilk tek h\u00fccre genomik ara\u015ft\u0131rma sistemi olan C1 heterojen h\u00fccre pop\u00fclasyonu aras\u0131nda tek h\u00fccre hassasiyetinde&hellip;<\/p>\n","protected":false},"author":1,"featured_media":0,"parent":0,"menu_order":20,"comment_status":"closed","ping_status":"closed","template":"","meta":{"om_disable_all_campaigns":false,"_monsterinsights_skip_tracking":false,"_monsterinsights_sitenote_active":false,"_monsterinsights_sitenote_note":"","_monsterinsights_sitenote_category":0},"_links":{"self":[{"href":"https:\/\/www.poyrazmedikal.com.tr\/wp-json\/wp\/v2\/pages\/2294"}],"collection":[{"href":"https:\/\/www.poyrazmedikal.com.tr\/wp-json\/wp\/v2\/pages"}],"about":[{"href":"https:\/\/www.poyrazmedikal.com.tr\/wp-json\/wp\/v2\/types\/page"}],"author":[{"embeddable":true,"href":"https:\/\/www.poyrazmedikal.com.tr\/wp-json\/wp\/v2\/users\/1"}],"replies":[{"embeddable":true,"href":"https:\/\/www.poyrazmedikal.com.tr\/wp-json\/wp\/v2\/comments?post=2294"}],"version-history":[{"count":1,"href":"https:\/\/www.poyrazmedikal.com.tr\/wp-json\/wp\/v2\/pages\/2294\/revisions"}],"predecessor-version":[{"id":2296,"href":"https:\/\/www.poyrazmedikal.com.tr\/wp-json\/wp\/v2\/pages\/2294\/revisions\/2296"}],"wp:attachment":[{"href":"https:\/\/www.poyrazmedikal.com.tr\/wp-json\/wp\/v2\/media?parent=2294"}],"curies":[{"name":"wp","href":"https:\/\/api.w.org\/{rel}","templated":true}]}}